    {"id":527,"date":"2025-03-20T11:46:22","date_gmt":"2025-03-20T10:46:22","guid":{"rendered":"https:\/\/market.patiokobenta.eus\/producto\/abono-organico\/"},"modified":"2025-03-26T15:41:36","modified_gmt":"2025-03-26T14:41:36","slug":"abono-organico","status":"publish","type":"product","link":"https:\/\/market.patiokobenta.eus\/es\/producto\/abono-organico\/","title":{"rendered":"Abono org\u00e1nico"},"content":{"rendered":"<p>No necesitas un master en jardiner\u00eda, ni usar sustratos \u201cprofesionales\u201d enriquecidos con tal o cual sustancia a\u00f1adida de forma artificial para que tu planta crezca sana y feliz en una maceta.<br \/>\nSoluciona el 80% de problemas que suelen tener las plantas con un \u00fanico producto natural, biodegradable y sin a\u00f1adir qu\u00edmicos.<br \/>\nEn la naturaleza las plantas crecen sin ayuda de ning\u00fan jardinero. S\u00f3lo se alimentan del humus que ella misma fabrica a partir de las hojas ca\u00eddas en oto\u00f1o. En Ekaia, aprovechando mi formaci\u00f3n como qu\u00edmica, llevamos desde el 2014 elaborando compost imitando al bosque. De forma artesanal. En peque\u00f1as cantidades.<br \/>\nAs\u00ed es c\u00f3mo he conseguido que mi mi mala mano con las plantas ya no sea un problema. Ahora crecen sanas, felices y las disfruto durante a\u00f1os.<br \/>\nEl secreto est\u00e1 en la tierra<\/p>\n","protected":false},"excerpt":{"rendered":"<p>Bolsa de abono org\u00e1nico 1l<\/p>\n","protected":false},"featured_media":529,"template":"","meta":{"_acf_changed":false},"product_brand":[],"product_cat":[30],"product_tag":[],"class_list":{"0":"post-527","1":"product","2":"type-product","3":"status-publish","4":"has-post-thumbnail","6":"product_cat-productos-organicos-para-plantas","8":"first","9":"instock","10":"featured","11":"shipping-taxable","12":"purchasable","13":"product-type-simple"},"acf":[],"_links":{"self":[{"href":"https:\/\/market.patiokobenta.eus\/es\/wp-json\/wp\/v2\/product\/527","targetHints":{"allow":["GET"]}}],"collection":[{"href":"https:\/\/market.patiokobenta.eus\/es\/wp-json\/wp\/v2\/product"}],"about":[{"href":"https:\/\/market.patiokobenta.eus\/es\/wp-json\/wp\/v2\/types\/product"}],"wp:featuredmedia":[{"embeddable":true,"href":"https:\/\/market.patiokobenta.eus\/es\/wp-json\/wp\/v2\/media\/529"}],"wp:attachment":[{"href":"https:\/\/market.patiokobenta.eus\/es\/wp-json\/wp\/v2\/media?parent=527"}],"wp:term":[{"taxonomy":"product_brand","embeddable":true,"href":"https:\/\/market.patiokobenta.eus\/es\/wp-json\/wp\/v2\/product_brand?post=527"},{"taxonomy":"product_cat","embeddable":true,"href":"https:\/\/market.patiokobenta.eus\/es\/wp-json\/wp\/v2\/product_cat?post=527"},{"taxonomy":"product_tag","embeddable":true,"href":"https:\/\/market.patiokobenta.eus\/es\/wp-json\/wp\/v2\/product_tag?post=527"}],"curies":[{"name":"wp","href":"https:\/\/api.w.org\/{rel}","templated":true}]}}