    {"id":850,"date":"2025-05-30T13:20:37","date_gmt":"2025-05-30T11:20:37","guid":{"rendered":"https:\/\/market.patiokobenta.eus\/?page_id=850"},"modified":"2025-06-13T17:20:52","modified_gmt":"2025-06-13T15:20:52","slug":"politica-de-privacidad","status":"publish","type":"page","link":"https:\/\/market.patiokobenta.eus\/es\/politica-de-privacidad\/","title":{"rendered":"Pol\u00edtica de privacidad"},"content":{"rendered":"<br><br>\n<h2 style=\"text-align: left;\"><a name=\"_Toc415691545\"><\/a><a name=\"_Toc184916947\"><\/a>&nbsp;&nbsp; Pol\u00edtica de privacidad<\/h2><\/p>\n<div class=\"para_politicas\" style=\"text-align: justify; max-width: 1200px; margin: 0 auto;\">\n<br>\n<h2 style=\"text-align: left;\"><a name=\"_Toc415691545\"><\/a><a name=\"_Toc184916947\"><\/a>1.\u00a0\u00a0 INTRODUCCI\u00d3N<\/h2>\n<p style=\"text-align: left;\">El tratamiento de datos personales realizado a trav\u00e9s de este sitio web del Ayuntamiento de Barrundia se regula seg\u00fan lo establecido en normativa Europea de protecci\u00f3n de datos &#8211; Reglamento (UE) 2016\/679 \u2013 Reglamento General de Protecci\u00f3n de Datos (RGPD) \u2013 , Ley Org\u00e1nica 3\/2018, de 5 de diciembre, de Protecci\u00f3n de Datos Personales y garant\u00eda de los derechos digitales, y dem\u00e1s normativa en materia de protecci\u00f3n de datos que sea de aplicaci\u00f3n, al objeto de garantizar en todo momento el derecho fundamental a la protecci\u00f3n de datos de las personas usuarias del mismo. <\/p>\n<p style=\"text-align: left;\">Mediante la lectura de la presente Pol\u00edtica de Privacidad, la persona usuaria queda informada sobre la forma en que se procede al tratamiento y protecci\u00f3n de los datos personales que son recabados a trav\u00e9s de este sitio web. La persona usuaria debe leer con atenci\u00f3n esta Pol\u00edtica de Privacidad, que ha sido redactada de forma clara y sencilla con el objetivo de facilitar su compresi\u00f3n.<\/p>\n<p style=\"text-align: left;\">As\u00ed mismo, la presente Pol\u00edtica de Privacidad tiene por objeto facilitar informaci\u00f3n sobre los derechos que le asisten en virtud del RGPD. Si tiene cualquier duda relativa al tratamiento de sus datos personales, contacte con<a href=\"mailto:<a href=\"mailto:administrazioa@barrundia.eus \">administrazioa@barrundia.eus <\/a><\/p>\n\n<h2 style=\"text-align: left;\"><a name=\"_Toc184916948\"><\/a>2.   RESPONSABLE DEL TRATAMIENTO<\/h2>\n<p style=\"text-align: left;\">El Responsable del Tratamiento de los datos personales recabados a trav\u00e9s del presente sitio web es:<\/p>\n<p style=\"text-align: left;\">El Ayuntamiento de Barrundia con NIF P0101400J y direcci\u00f3n Calle Boilar, 12, 01206, Ozaeta, Barrundia , siendo los datos personales gestionados, en calidad de encargado del tratamiento, por la empresa CBT Comunicaci\u00f3n Multimedia S.L. Asimismo, le informamos de que el Ayuntamiento de Barrundia cuenta con un\/a Delegado\/a de Protecci\u00f3n de Datos, con quien podr\u00e1 ponerse en contacto mediante escrito dirigido a la direcci\u00f3n de la entidad a la atenci\u00f3n del\/de la \u201cDelegado\/a de Protecci\u00f3n de Datos\u201d <a href=\"mailto: <a href=\"mailto:administrazioa@barrundia.eus \">administrazioa@barrundia.eus <\/a><\/p>\n<h2 style=\"text-align: left;\"><a name=\"_Toc184916948\"><\/a>3.   TRATAMIENTOS DE DATOS PERSONALES REALIZADOS A TRAV\u00c9S DEL SITIO WEB<\/h2>\n<ul style=\"text-align: left;\">\n<li><strong>Formularios.<\/strong>Se tratar\u00e1n los datos facilitados a trav\u00e9s de formularios, tanto digitales como en formato electr\u00f3nico, como nombre, apellidos, n\u00famero de tel\u00e9fono, correo electr\u00f3nico, con la finalidad de atender la solicitud de la persona. De esta forma, se recopilan datos de car\u00e1cter personal para acceder y prestarle distintos servicios desde esta plataforma.<\/li>\n<li><strong>Adhesi\u00f3n para establecimientos.<\/strong>Se tratar\u00e1n los datos facilitados a trav\u00e9s del formulario de adhesi\u00f3n como nombre, apellidos, n\u00famero de tel\u00e9fono, correo electr\u00f3nico, con la finalidad de gestionar la solicitud de adhesi\u00f3n y para el env\u00edo de las comunicaciones derivadas del mantenimiento de los servicios relacionados con la adhesi\u00f3n. <\/li>\n<li><strong>Proceso de compra.<\/strong>Se tratar\u00e1n los datos facilitados en el proceso de compra como nombre, apellidos, direcci\u00f3n postal, correo electr\u00f3nico, datos relacionados con el pago para la gesti\u00f3n, tramitaci\u00f3n, gesti\u00f3n de cobro-pago, gesti\u00f3n de entrega y devoluci\u00f3n, reclamaciones de los pedidos. Estos datos ser\u00e1n gestionados directamente por la entidad adherida en la que el comprador realiza la compra.<\/li>\n<\/ul>\n<h2 style=\"text-align: left;\"><a name=\"_Toc184916948\"><\/a>4.\u00a0\u00a0 LIMITACIONES EN EL TRATAMIENTO<\/h2>\n<p style=\"text-align: left;\">No se autoriza a los\/las menores de 14 a\u00f1os a facilitar sus datos personales a trav\u00e9s de los medios habilitados en este sitio web (cumplimentaci\u00f3n de los formularios web habilitados para la solicitud de servicios, de contacto o mediante el env\u00edo de correos electr\u00f3nicos). Por tanto, las personas que faciliten datos personales utilizando dichos medios manifiestan formalmente ser mayores de 14 a\u00f1os, quedando el Ayuntamiento de Barrundia eximido de cualquier responsabilidad por el incumplimiento de este requisito. En aquellos casos en los que los servicios ofrecidos est\u00e9n destinados a menores de 14 a\u00f1os, se habilitar\u00e1n los medios para recabar la autorizaci\u00f3n de las madres, padres o tutores\/as legales del\/de la menor.<\/p>\n<h2 style=\"text-align: left;\"><a name=\"_Toc184916948\"><\/a>5.\u00a0\u00a0 INFORMACI\u00d3N EN LA RECOGIDA DE DATOS<\/h2>\n<p style=\"text-align: left;\"style=\"text-decoration: underline;\" >En relaci\u00f3n con la adhesi\u00f3n a la plataforma y al alta de usuario en la plataforma:<\/p>\n<p style=\"text-align: left;\">Seg\u00fan lo establecido en la vigente normativa de protecci\u00f3n de datos, se le informa que los datos facilitados a trav\u00e9s del presente registro ser\u00e1n tratados por el Ayuntamiento de Brrundia, que act\u00faa como responsable del tratamiento, siendo los datos gestionados por CBT Comunicaci\u00f3n Multimedia S.L., en calidad de encargado del tratamiento. <\/p>\n<p style=\"text-align: left;\">La finalidad del tratamiento ser\u00e1 la promoci\u00f3n econ\u00f3mica y del comercio por parte del Ayuntamiento. Concretamente se tratar\u00e1n sus datos para poder tramitar y gestionar su alta y participaci\u00f3n como persona vendedora en la plataforma de compra\/venta. <\/p>\n<p style=\"text-align: left;\">La base de licitud para el tratamiento de sus datos personales es el art\u00edculo 6.1.e) del Reglamento General de Protecci\u00f3n de Datos, el tratamiento es necesario para el cumplimiento de una misi\u00f3n realizada en inter\u00e9s p\u00fablico o en el ejercicio de poderes p\u00fablicos conferidos al responsable del tratamiento en relaci\u00f3n a la promoci\u00f3n del comercio local (promoci\u00f3n econ\u00f3mica).<\/p>\n<p style=\"text-align: left;\">Sus datos personales podr\u00e1n ser publicados en la plataforma market.patiokobenta.eus para que la persona compradora pueda formalizar su compra. No est\u00e1n previstas otras comunicaciones de datos personales ni transferencias internacionales a terceros pa\u00edses u organizaciones internacionales, salvo obligaci\u00f3n legal.<\/p>\n<p style=\"text-align: left;\">Los datos se conservar\u00e1n durante el tiempo necesario para cumplir con la finalidad para la que se recabaron y durante la vigencia del expediente administrativo. Los datos se conservar\u00e1n durante el plazo de prescripci\u00f3n de responsabilidades jur\u00eddicas derivadas del tratamiento. Posteriormente, se deber\u00e1 tener en cuenta la normativa de Patrimonio Cultural Vasco (Ley 6\/2019, de 9 de mayo, de Patrimonio Cultural Vasco) y Gesti\u00f3n y Patrimonio Documental (Ley 5\/2022, de 23 de junio, de Gesti\u00f3n Documental Integral y Patrimonio Documental de la Comunidad Aut\u00f3noma del Pa\u00eds Vasco). <\/p>\n<p style=\"text-align: left;\">Podr\u00e1 ejercitar los derechos de acceso, rectificaci\u00f3n, supresi\u00f3n y portabilidad de sus datos, as\u00ed como los de limitaci\u00f3n u oposici\u00f3n a su tratamiento, cuando procedan, ante el Ayuntamiento de Barrundia en la direcci\u00f3n &#8212;. Si en el ejercicio de sus derechos no ha sido debidamente atendido, podr\u00e1 presentar una reclamaci\u00f3n ante la Agencia Vasca de Protecci\u00f3n de Datos. Direcci\u00f3n: C\/ Beato Tom\u00e1s de Zumarraga, 71 \u2013 3\u00aa planta &#8211; 01008 Vitoria-Gasteiz. No obstante, con car\u00e1cter previo y potestativo, podr\u00e1 dirigirse al Delegado de Protecci\u00f3n de Datos, con el que puede contactar a trav\u00e9s del email: <a href=\"mailto:<a href=\"mailto:administrazioa@barrundia.eus \">administrazioa@barrundia.eus <\/a><\/p>\n<h2 style=\"text-align: left;\"><a name=\"_Toc184916948\"><\/a>6.\u00a0\u00a0 MEDIDAS DE SEGURIDAD<\/h2>\n<p style=\"text-align: left;\">CBT Comunicaci\u00f3n Multimedia S.L, en calidad de encargado del tratamiento del Ayuntamiento de Barrundia, adopta las medidas de seguridad adecuadas de acuerdo con lo previsto la vigente normativa de protecci\u00f3n de datos con el fin de garantizar el derecho fundamental a la protecci\u00f3n de datos de las personas usuarias de este sitio web. Las medidas de seguridad implantadas corresponden a las establecidas en el Real Decreto 311\/2022, de 3 de mayo, por el que se regula el Esquema Nacional de Seguridad. As\u00ed mismo, se han aplicado aquellas medidas t\u00e9cnicas y organizativas necesarias para garantizar un nivel de seguridad adecuado al riesgo al cual est\u00e1n expuestos los datos personales tratados en este sitio web.<\/p>\n<h2 style=\"text-align: left;\"><a name=\"_Toc184916948\"><\/a>7.\u00a0\u00a0 DERECHOS<\/h2>\n<p style=\"text-align: left;\">Los derechos de las personas interesadas son:<\/p>\n<ul style=\"text-align: left;\">\n<li><strong><em>Derecho a obtener confirmaci\u00f3n sobre si el Ayuntamiento de Barrundia est\u00e1 tratando sus datos personales. <\/em><\/strong><\/li>\n<li><strong><em>Derecho a acceder a sus datos personales, as\u00ed como a solicitar la rectificaci\u00f3n de los datos inexactos o, en su caso, solicitar la supresi\u00f3n cuando, entre otros motivos, los datos ya no sean necesarios para las finalidades para las cuales fueron recabados.<\/em><\/strong><\/li>\n<li><strong><em>Derecho a solicitar en determinadas circunstancias la limitaci\u00f3n del tratamiento de sus datos, en cuyo caso s\u00f3lo ser\u00e1n conservados por el Ayuntamiento de Barrundia, para el ejercicio o la defensa de reclamaciones. <\/em><\/strong><\/li>\n<li><strong><em>Derecho a la oposici\u00f3n al tratamiento de sus datos, en cuyo caso, el Ayuntamiento de Barrundia dejar\u00e1 de tratar los datos, salvo por motivos leg\u00edtimos imperiosos, o el ejercicio o la defensa de posibles reclamaciones. Incluido el tratamiento de sus datos para decisiones individuales automatizadas.<\/em><\/strong><\/li>\n<\/ul>\nPuede ejercer sus derechos de acceso, rectificaci\u00f3n, supresi\u00f3n, limitaci\u00f3n y oposici\u00f3n a trav\u00e9s del SAC en la siguiente direcci\u00f3n: Calle Boilar, 12, 01206, Ozaeta, Barrundia. Tambi\u00e9n puede presentar una reclamaci\u00f3n ante el Delegado de Protecci\u00f3n de Datos del Ayuntamiento de Barrundia en el email <a href=\"mailto:<a href=\"mailto:administrazioa@barrundia.eus \">administrazioa@barrundia.eus <\/a> o ante la Agencia Vasca de Protecci\u00f3n de Datos <a href=\"http:\/\/www.avpd.euskadi.eus\">www.avpd.euskadi.eus<\/a><\/p>\n<\/div>\n<br><br>","protected":false},"excerpt":{"rendered":"<p>&nbsp;&nbsp; Pol\u00edtica de privacidad 1.\u00a0\u00a0 INTRODUCCI\u00d3N El tratamiento de datos personales realizado a trav\u00e9s de este sitio web del Ayuntamiento de Barrundia se regula seg\u00fan lo establecido en normativa Europea de protecci\u00f3n de datos &#8211; Reglamento (UE) 2016\/679 \u2013 Reglamento General de Protecci\u00f3n de Datos (RGPD) \u2013 , Ley Org\u00e1nica 3\/2018, de 5 de diciembre, [&hellip;]<\/p>\n","protected":false},"author":1,"featured_media":0,"parent":0,"menu_order":0,"comment_status":"closed","ping_status":"closed","template":"","meta":{"_acf_changed":false,"footnotes":""},"class_list":["post-850","page","type-page","status-publish","hentry"],"acf":[],"_links":{"self":[{"href":"https:\/\/market.patiokobenta.eus\/es\/wp-json\/wp\/v2\/pages\/850","targetHints":{"allow":["GET"]}}],"collection":[{"href":"https:\/\/market.patiokobenta.eus\/es\/wp-json\/wp\/v2\/pages"}],"about":[{"href":"https:\/\/market.patiokobenta.eus\/es\/wp-json\/wp\/v2\/types\/page"}],"author":[{"embeddable":true,"href":"https:\/\/market.patiokobenta.eus\/es\/wp-json\/wp\/v2\/users\/1"}],"replies":[{"embeddable":true,"href":"https:\/\/market.patiokobenta.eus\/es\/wp-json\/wp\/v2\/comments?post=850"}],"version-history":[{"count":7,"href":"https:\/\/market.patiokobenta.eus\/es\/wp-json\/wp\/v2\/pages\/850\/revisions"}],"predecessor-version":[{"id":1000,"href":"https:\/\/market.patiokobenta.eus\/es\/wp-json\/wp\/v2\/pages\/850\/revisions\/1000"}],"wp:attachment":[{"href":"https:\/\/market.patiokobenta.eus\/es\/wp-json\/wp\/v2\/media?parent=850"}],"curies":[{"name":"wp","href":"https:\/\/api.w.org\/{rel}","templated":true}]}}