    {"id":840,"date":"2025-05-30T12:12:42","date_gmt":"2025-05-30T10:12:42","guid":{"rendered":"https:\/\/market.patiokobenta.eus\/?page_id=840"},"modified":"2025-06-11T17:36:25","modified_gmt":"2025-06-11T15:36:25","slug":"preguntas-frecuentes","status":"publish","type":"page","link":"https:\/\/market.patiokobenta.eus\/es\/preguntas-frecuentes\/","title":{"rendered":"Preguntas frecuentes"},"content":{"rendered":"<br><br>\n<div class=\"para_politicas\" style=\"text-align: justify; max-width: 1200px; margin: 0 auto;\">\n<br>\n<h2 style=\"text-align: center;\"><a name=\"_Toc415691545\"><\/a><a name=\"_Toc184916947\"><\/a>Preguntas frecuentes<\/h2>\n<br>\n<h2 style=\"text-align: left;\"><a name=\"_Toc415691545\"><\/a><a name=\"_Toc184916947\"><\/a>1. \u00bfQu\u00e9 es Patioko Benta?<\/h2>\n<p style=\"text-align: left;\">Patioko Benta es un espacio online de venta, visibilizaci\u00f3n y promoci\u00f3n de los productores locales de Barrundia. Esta iniciativa, impulsada por el Ayuntamiento de Barrundia, se enmarca dentro del Plan de Recuperaci\u00f3n, Transformaci\u00f3n y Resiliencia y est\u00e1 financiada por la l\u00ednea de ayudas NextGeneration de la Uni\u00f3n Europea.\n<br>\nA trav\u00e9s del enlace web https:\/\/market.patiokobenta.eus\/ podr\u00e1s acceder a los diferentes negocios que tienen habilitada la venta online, consultar sus cat\u00e1logos de productos y precios, y a\u00f1adir los productos a tu carrito, incluso siendo de productores diferentes.\n<\/p>\n\n<h2 style=\"text-align: left;\"><a name=\"_Toc415691545\"><\/a><a name=\"_Toc184916947\"><\/a>2. \u00bfNecesito registrarme para poder comprar?<\/h2>\n<p style=\"text-align: left;\">Puedes realizar compras sin registrarte, pero tener una cuenta en Patioko Benta tiene muchas ventajas. Dispondr\u00e1s de un \u00e1rea privada en la que podr\u00e1s hacer seguimiento de tus pedidos y ver el hist\u00f3rico de tus pedidos, adem\u00e1s de disfrutar de promociones y ofertas especiales, cuando las haya.<\/p>\n\n<h2 style=\"text-align: left;\"><a name=\"_Toc415691545\"><\/a><a name=\"_Toc184916947\"><\/a>3. \u00bfC\u00f3mo puedo buscar productos?<\/h2>\n<p style=\"text-align: left;\">\nLa b\u00fasqueda de productos en Patioko Benta es un proceso muy sencillo. Puedes buscar por las diferentes categor\u00edas de productos que encontrar\u00e1s en la pantalla de inicio o utilizar el buscador de la parte superior, que permite realizar b\u00fasquedas tanto por producto como por productor.\n<br>\nSi deseas buscar los productos de un negocio en concreto, puedes utilizar el buscador antes mencionado o clicar en la secci\u00f3n \u201cNuestros productores\u201d de la pantalla de inicio, y encontrar\u00e1s todos sus productos disponibles.\n<\/p>\n\n<h2 style=\"text-align: left;\"><a name=\"_Toc415691545\"><\/a><a name=\"_Toc184916947\"><\/a>4. \u00bfC\u00f3mo puedo a\u00f1adir un producto al carrito?<\/h2>\n<p style=\"text-align: left;\">En cada ficha de producto est\u00e1 disponible la opci\u00f3n \u201cA\u00f1adir al carrito\u201d. Por cada art\u00edculo deber\u00e1s seleccionar el n\u00famero de unidades o el peso del producto que deseas comprar.<\/p>\n\n\n<h2 style=\"text-align: left;\"><a name=\"_Toc415691545\"><\/a><a name=\"_Toc184916947\"><\/a>5. \u00bfQu\u00e9 hago si tengo una duda con un producto antes de comprarlo?<\/h2>\n<p style=\"text-align: left;\">Simplemente llama al productor al que vas a pedirle el producto. Podr\u00e1s ver su tel\u00e9fono en el perfil del negocio dentro de la plataforma. Recuerda que esta llamada ser\u00e1 s\u00f3lo informativa, y cualquier cambio en el pedido deber\u00e1s hacerlo directamente en la web.<\/p>\n\n<h2 style=\"text-align: left;\"><a name=\"_Toc415691545\"><\/a><a name=\"_Toc184916947\"><\/a>6. \u00bfPuedo hacer mi pedido por tel\u00e9fono? <\/h2>\n<p style=\"text-align: left;\">No. Podr\u00e1s consultar tus dudas v\u00eda telef\u00f3nica o v\u00eda mail con el negocio que desees o con el tel\u00e9fono de la Oficina de Informaci\u00f3n de Patioko Benta, pero tendr\u00e1s que formalizar tu compra a trav\u00e9s de la plataforma web.<\/p>\n\n<h2 style=\"text-align: left;\"><a name=\"_Toc415691545\"><\/a><a name=\"_Toc184916947\"><\/a>7. \u00bfDesde d\u00f3nde puedo realizar la compra?<\/h2>\n<p style=\"text-align: left;\">Los pedidos pueden realizarse desde cualquier parte del pa\u00eds. No obstante, los pedidos \u00fanicamente podr\u00e1n ser entregados en las instalaciones del productor, en las taquillas de Patioko Benta o en la comarca de la Llanada Alavesa.<\/p>\n\n<h2 style=\"text-align: left;\"><a name=\"_Toc415691545\"><\/a><a name=\"_Toc184916947\"><\/a>8. \u00bfHay un pedido m\u00ednimo?<\/h2>\n<p style=\"text-align: left;\">No, no hay un pedido m\u00ednimo.<\/p>\n\n<h2 style=\"text-align: left;\"><a name=\"_Toc415691545\"><\/a><a name=\"_Toc184916947\"><\/a>9. \u00bfC\u00f3mo pido una forma de preparaci\u00f3n distinta a la que se me ofrece?<\/h2>\n<p style=\"text-align: left;\">Al clicar en \u201cFinalizar compra\u201d, aparecer\u00e1 un cuadro de texto denominado \u201cNotas del pedido\u201d, donde podr\u00e1s trasladarle tus comentarios a la persona vendedora. El vendedor tomar\u00e1 nota de tus observaciones y preparar\u00e1 la compra a tu gusto, salvo que no pueda seguir tus instrucciones, poni\u00e9ndose en contacto contigo con el objetivo de buscar una alternativa a la situaci\u00f3n.<\/p>\n\n<h2 style=\"text-align: left;\"><a name=\"_Toc415691545\"><\/a><a name=\"_Toc184916947\"><\/a>10. \u00bfEs seguro comprar en Patioko Benta?<\/h2>\n<p style=\"text-align: left;\">Comprar en Patioko Benta es completamente seguro. Los pagos se realizan a trav\u00e9s de una pasarela de pago con todas las garant\u00edas de seguridad. Asimismo, cuenta con el protocolo HTTPS, tambi\u00e9n conocido como certificado SSL, que sirve para la garantizar la transferencia de datos personales de forma segura y encriptada.<\/p>\n\n<h2 style=\"text-align: left;\"><a name=\"_Toc415691545\"><\/a><a name=\"_Toc184916947\"><\/a>11. \u00bfQu\u00e9 formas de pago se aceptan?<\/h2>\n<p style=\"text-align: left;\">Podr\u00e1s pagar tus compras en Patioko Benta con tarjeta de d\u00e9bito o de cr\u00e9dito, siendo v\u00e1lidas Visa y MasterCard.<\/p>\n\n<h2 style=\"text-align: left;\"><a name=\"_Toc415691545\"><\/a><a name=\"_Toc184916947\"><\/a>12. \u00bfC\u00f3mo finalizo mi compra?<\/h2>\n<p style=\"text-align: left;\">En la parte superior derecha de la pantalla ver\u00e1s el icono de &#8220;Mi carrito\u201d, donde podr\u00e1s consultar los art\u00edculos que has a\u00f1adido al mismo. Cuando tengas todos los productos que quieres adquirir en el carro, pulsa el bot\u00f3n \u201cFinalizar compra\u201d para iniciar el proceso de pago.\n<br><br>\nSi es tu primera compra o no tienes un usuario creado, deber\u00e1s rellenar todos los campos del formulario. Si ya cuentas con un usuario, deber\u00e1s iniciar sesi\u00f3n con el e-mail con el que te diste de alta y tu contrase\u00f1a, y \u00fanicamente deber\u00e1s completar los datos que te solicite el formulario.\n<\/p>\n\n<h2 style=\"text-align: left;\"><a name=\"_Toc415691545\"><\/a><a name=\"_Toc184916947\"><\/a>13. \u00bfPor qu\u00e9 pedimos una autorizaci\u00f3n adicional del 10% sobre el importe de tu compra?<\/h2>\n<p style=\"text-align: left;\">\nComprar en Patioko Benta es como comprar presencialmente en cualquier negocio. Por ejemplo, deseas comprar un chorizo de 1kg, pero no todos los chorizos pesan igual, por lo que, si bien el precio del kilogramo no var\u00eda, el peso real del producto s\u00ed cambiar\u00e1 ligeramente el importe final del pedido. \n<br><br>\nEn este sentido, cuando hayas confirmado tu pedido y completes el pago, deber\u00e1s autorizar a Patioko Benta a cobrarte el importe inicial, m\u00e1s un recargo adicional del 10%, ya que el importe final del mismo puede variar debido a los productos vendidos al peso.\n<br><br>\nDe esta forma, en caso de que el precio definitivo de tu pedido sea ligeramente superior al precio del encargo (por incluir producto al peso), contaremos ya con tu autorizaci\u00f3n, como nos obliga la normativa (Real Decreto-ley de 19\/2018 y la Directiva (EU) 2015\/2366). El cobro se efectuar\u00e1 aplicando este 10% y se proceder\u00e1 a la devoluci\u00f3n del importe adicional cobrado tan pronto como el negocio complete el pedido y est\u00e9 listo para su entrega.\n<\/p>\n\n<h2 style=\"text-align: left;\"><a name=\"_Toc415691545\"><\/a><a name=\"_Toc184916947\"><\/a>14. Tramit\u00e9 un pedido fuera del horario comercial. \u00bfC\u00f3mo puedo asegurarme de que ha sido recibido?<\/h2>\n<p style=\"text-align: left;\">Si has recibido un mail de confirmaci\u00f3n de pedido es que ya est\u00e1\u0301 confirmada tu compra. En cuanto el productor abra, lo preparara\u0301. Si llegara a faltar alg\u00fan producto que pediste o haya un cambio de precio, la persona vendedora se pondr\u00e1 en contacto contigo lo antes posible para comunicarte dicha circunstancia.<\/p>\n\n<h2 style=\"text-align: left;\"><a name=\"_Toc415691545\"><\/a><a name=\"_Toc184916947\"><\/a>15. \u00bfPuedo cancelar el servicio o modificar el pedido?<\/h2>\n<p style=\"text-align: left;\">Te recomendamos revisar bien todo el pedido antes de hacer el pago, ya que el sistema no permite modificar ni cancelarlo posteriormente. Esta circunstancia ser\u00eda tratada como una devoluci\u00f3n, por lo que te aconsejamos que te dirijas a la siguiente secci\u00f3n: \u00bfC\u00f3mo puedo solicitar una devoluci\u00f3n?<\/p>\n\n<h2 style=\"text-align: left;\"><a name=\"_Toc415691545\"><\/a><a name=\"_Toc184916947\"><\/a>16. \u00bfCu\u00e1les son las opciones de env\u00edo?<\/h2>\n<p style=\"text-align: left;\">Los productos adquiridos a trav\u00e9s de Patioko Benta pueden recogerse presencialmente en las instalaciones del vendedor, en las taquillas inteligentes de Patioko Benta o recibirlos a domicilio dentro de la comarca de la Llanada Alavesa. Durante el tr\u00e1mite de tu pedido podr\u00e1s elegir la opci\u00f3n que desees. \n<br><br>\nEn caso de que uno de los art\u00edculos sea exclusivo de recogida en tienda, todo el pedido deber\u00e1 recogerse en la propia tienda. Lo mismo ocurre con el env\u00edo a domicilio. Cada pedido debe tener una \u00fanica forma de entrega. En caso de querer combinar productos, deber\u00e1s hacer dos pedidos diferentes.\n<\/p>\n\n<h2 style=\"text-align: left;\"><a name=\"_Toc415691545\"><\/a><a name=\"_Toc184916947\"><\/a>17. \u00bfQu\u00e9 hago si no me han entregado el pedido en la franja horaria que me correspond\u00eda?<\/h2>\n<p style=\"text-align: left;\">Esperamos que no te pase nunca, y si ocurre, esperamos poder resolverlo en un horario alternativo. Ll\u00e1manos al 609098353 (de lunes a viernes de 9h a 18h, salvo festivos) o escr\u00edbenos un email a info@patiokobenta.eus coment\u00e1ndonos tu circunstancia e indic\u00e1ndonos tu nombre y n\u00famero de pedido.<\/p>\n\n<h2 style=\"text-align: left;\"><a name=\"_Toc415691545\"><\/a><a name=\"_Toc184916947\"><\/a>18. \u00bfC\u00f3mo puedo solicitar una devoluci\u00f3n?<\/h2>\n<p style=\"text-align: left;\">Cuentas con 14 d\u00edas naturales desde la entrega del producto para solicitar la devoluci\u00f3n de un art\u00edculo con el que no est\u00e9s satisfecho\/a. Todos los art\u00edculos que desees devolver tienen que estar en el mismo estado en que se entregaron, con el embalaje original y etiquetas.\n<br><br>\nA la hora de hacer una devoluci\u00f3n, de acuerdo con lo establecido en la legislaci\u00f3n aplicable en materia de Consumidores y Usuarios, deber\u00e1s tener en cuenta lo siguiente:\n<ul>\n  <li>No se admitir\u00e1n devoluciones de art\u00edculos que puedan deteriorarse o caducar con rapidez.<\/li>\n  <li>No se admitir\u00e1n devoluciones de art\u00edculos confeccionados conforme a las especificaciones del consumidor o claramente personalizados.<\/li>\n  <li>No se admitir\u00e1n devoluciones de art\u00edculos precintados que no sean aptos para ser devueltos por razones de protecci\u00f3n de la salud o de higiene y que hayan sido desprecintados tras la entrega.<\/li>\n  <li>No se admitir\u00e1n devoluciones de art\u00edculos que despu\u00e9s de su entrega y teniendo en cuenta su naturaleza se hayan mezclado de forma indisociable con otros bienes.<\/li>\n  <li>No se admitir\u00e1n devoluciones de art\u00edculos que hayan sido modificados o utilizados.<\/li>\n<\/ul>\n<\/p>\n\n<h2 style=\"text-align: left;\"><a name=\"_Toc415691545\"><\/a><a name=\"_Toc184916947\"><\/a>19. \u00bfQu\u00e9 coste tiene la devoluci\u00f3n?<\/h2>\n<p style=\"text-align: left;\">Las devoluciones en Patioko Benta no tendr\u00e1n coste alguno. <\/p>\n\n<h2 style=\"text-align: left;\"><a name=\"_Toc415691545\"><\/a><a name=\"_Toc184916947\"><\/a>20. \u00bfC\u00f3mo tengo que proceder para tramitar una devoluci\u00f3n?<\/h2>\n<p style=\"text-align: left;\">Para ejercer el derecho de desistimiento y devolver un art\u00edculo, la persona usuaria deber\u00e1 ponerse en contacto con el negocio indicando su deseo de devolver el producto. En todo caso, la devoluci\u00f3n se efectuar\u00e1 el productor revise el art\u00edculo y acepte la devoluci\u00f3n.<\/p>\n\n<h2 style=\"text-align: left;\"><a name=\"_Toc415691545\"><\/a><a name=\"_Toc184916947\"><\/a>21. \u00bfCu\u00e1ndo se realizar\u00e1 el reembolso?<\/h2>\n<p style=\"text-align: left;\">Una vez el negocio ha comprobado que el producto est\u00e1 en perfecto estado y acepta la devoluci\u00f3n, procederemos a realizar el reembolso en un plazo m\u00e1ximo de 7 d\u00edas h\u00e1biles.<\/p>\n\n<h2 style=\"text-align: left;\"><a name=\"_Toc415691545\"><\/a><a name=\"_Toc184916947\"><\/a>22. Tengo una duda. \u00bfD\u00f3nde puedo resolverla?<\/h2>\n<p style=\"text-align: left;\">En caso de que tengas alg\u00fan problema puedes contactar con la Oficina de Informaci\u00f3n de Patioko Benta por medio del correo electr\u00f3nico info@patiokobenta.eus o a trav\u00e9s del tel\u00e9fono 609098353 de lunes a viernes de 9h a 18h, salvo festivos. <\/p>\n<\/div>\n<br><br>\n\n<!-- Estilos CSS -->\n<style>\n  .table-container {\n    max-width: 800px;\n    margin: 0 auto;\n    overflow-x: auto;\n  }\n\n  .responsive-table {\n    width: 100%;\n    border-collapse: collapse;\n  }\n\n  .responsive-table th,\n  .responsive-table td {\n    border: 1px solid #ddd;\n    padding: 8px;\n    vertical-align: top;\n  }\n\n  .responsive-table th {\n    background-color: #f2f2f2;\n    text-align: left;\n  }\n  \n  .listas{\n\t\ttext-align:left !important;\n\t\t}\n\t\t\n\t\tul \n\t\t{\n\t\ttext-align:left !important;}\n\t\t\n\t\tli{\n\t\ttext-align: left !important;}\n<\/style>","protected":false},"excerpt":{"rendered":"<p>Preguntas frecuentes 1. \u00bfQu\u00e9 es Patioko Benta? Patioko Benta es un espacio online de venta, visibilizaci\u00f3n y promoci\u00f3n de los productores locales de Barrundia. Esta iniciativa, impulsada por el Ayuntamiento de Barrundia, se enmarca dentro del Plan de Recuperaci\u00f3n, Transformaci\u00f3n y Resiliencia y est\u00e1 financiada por la l\u00ednea de ayudas NextGeneration de la Uni\u00f3n Europea. [&hellip;]<\/p>\n","protected":false},"author":1,"featured_media":0,"parent":0,"menu_order":0,"comment_status":"closed","ping_status":"closed","template":"","meta":{"_acf_changed":false,"footnotes":""},"class_list":["post-840","page","type-page","status-publish","hentry"],"acf":[],"_links":{"self":[{"href":"https:\/\/market.patiokobenta.eus\/es\/wp-json\/wp\/v2\/pages\/840","targetHints":{"allow":["GET"]}}],"collection":[{"href":"https:\/\/market.patiokobenta.eus\/es\/wp-json\/wp\/v2\/pages"}],"about":[{"href":"https:\/\/market.patiokobenta.eus\/es\/wp-json\/wp\/v2\/types\/page"}],"author":[{"embeddable":true,"href":"https:\/\/market.patiokobenta.eus\/es\/wp-json\/wp\/v2\/users\/1"}],"replies":[{"embeddable":true,"href":"https:\/\/market.patiokobenta.eus\/es\/wp-json\/wp\/v2\/comments?post=840"}],"version-history":[{"count":6,"href":"https:\/\/market.patiokobenta.eus\/es\/wp-json\/wp\/v2\/pages\/840\/revisions"}],"predecessor-version":[{"id":983,"href":"https:\/\/market.patiokobenta.eus\/es\/wp-json\/wp\/v2\/pages\/840\/revisions\/983"}],"wp:attachment":[{"href":"https:\/\/market.patiokobenta.eus\/es\/wp-json\/wp\/v2\/media?parent=840"}],"curies":[{"name":"wp","href":"https:\/\/api.w.org\/{rel}","templated":true}]}}