    {"id":726,"date":"2025-03-28T12:57:41","date_gmt":"2025-03-28T11:57:41","guid":{"rendered":"https:\/\/market.patiokobenta.eus\/?page_id=726"},"modified":"2025-06-11T16:43:47","modified_gmt":"2025-06-11T14:43:47","slug":"politica-de-cookies","status":"publish","type":"page","link":"https:\/\/market.patiokobenta.eus\/es\/politica-de-cookies\/","title":{"rendered":"Pol\u00edtica de cookies"},"content":{"rendered":"<br><br>\n<div class=\"para_politicas\" style=\"text-align: justify; max-width: 1200px; margin: 0 auto;\">\n<br>\n<h2 style=\"text-align: center;\"><a name=\"_Toc415691545\"><\/a><a name=\"_Toc184916947\"><\/a>Pol\u00edtica de Cookies<\/h2>\n<p style=\"text-align: left;\">En cumplimiento de la Ley 34\/2002, de 11 de julio, de Servicios de la Sociedad de la Informaci\u00f3n y Comercio Electr\u00f3nico le informamos de que este sitio web, al igual que la mayor\u00eda de los sitios en Internet, usa Cookies para mejorar y optimizar la experiencia del usuario. A continuaci\u00f3n encontrar\u00e1 informaci\u00f3n detallada sobre qu\u00e9 son las \u201cCookies\u201d, qu\u00e9 tipolog\u00eda utiliza este sitio web, c\u00f3mo cambiar la configuraci\u00f3n de sus cookies, y qu\u00e9 ocurre si deshabilita las Cookies.<\/p>\n<br>\n<h2 style=\"text-align: left;\"><a name=\"_Toc415691545\"><\/a><a name=\"_Toc184916947\"><\/a>\u00bfQu\u00e9 son las cookies?<\/h2>\n<p style=\"text-align: left;\">Una cookie es un peque\u00f1o archivo que se descarga en el equipo del usuario con la finalidad de almacenar datos, los cuales podr\u00e1n ser actualizados y recuperados por la entidad responsable de su instalaci\u00f3n.<\/p>\n<br>\n<h2 style=\"text-align: left;\">\u00bfQu\u00e9 tipo de Cookies utiliza esta p\u00e1gina web?<\/h2>\n<br>\n<h3 style=\"text-align: left;\">Cookies Necesarias (o esenciales)<\/h2>\n<p style=\"text-align: left;\">Son aquellas que permiten el funcionamiento b\u00e1sico de un sitio web, como la gesti\u00f3n de sesiones, la autenticaci\u00f3n de usuarios y la seguridad. Sin ellas, la p\u00e1gina no podr\u00eda funcionar correctamente.\u00a0Normativa de la Uni\u00f3n Europea:\u00a0Seg\u00fan el\u00a0Reglamento (UE) 2016\/679 (GDPR)\u00a0y la\u00a0Directiva 2002\/58\/CE (ePrivacy), estas cookies\u00a0no requieren el consentimiento del usuario, ya que son estrictamente necesarias para el servicio solicitado por el usuario.<\/p>\n<br>\n<h3 style=\"text-align: left;\">Cookies Funcionales\/T\u00e9cnicas (o de personalizaci\u00f3n)<\/h2>\n<p style=\"text-align: left;\">Permiten al usuario la navegaci\u00f3n a trav\u00e9s de la p\u00e1gina web, as\u00ed como la utilizaci\u00f3n de las diferentes opciones o servicios existentes (identificar la sesi\u00f3n, acceder secciones restringidas, compartir contenidos a trav\u00e9s de redes sociales, \u2026). Permiten recordar preferencias del usuario, como el idioma, la regi\u00f3n o configuraciones espec\u00edficas del sitio. No son estrictamente necesarias, pero mejoran la experiencia del usuario.<\/p>\n<br>\n<h3 style=\"text-align: left;\">Cookies de An\u00e1lisis (o rendimiento)<\/h2>\n<p style=\"text-align: left;\">Posibilitan el seguimiento y an\u00e1lisis del comportamiento de los usuarios en nuestra p\u00e1gina. La informaci\u00f3n recogida se utiliza para la medici\u00f3n de la actividad de los usuarios en la web y la elaboraci\u00f3n de perfiles de navegaci\u00f3n de los usuarios, con la finalidad de mejorar la web, as\u00ed como los productos y servicios ofertados. Recogen informaci\u00f3n sobre c\u00f3mo los usuarios interact\u00faan con el sitio web, ayudando a mejorar su funcionamiento.<\/p>\n<br>\n<h3 style=\"text-align: left;\">Cookies Publicitarias (o marketing)<\/h2>\n<p style=\"text-align: left;\">Se utilizan para rastrear la actividad del usuario en distintos sitios web y crear perfiles de usuario con fines de publicidad personalizada.<\/p>\n<br>\n<h2 style=\"text-align: left;\">Listado de Cookies<\/h2>\n<div class=\"cookie-info\">\n    <div class=\"cookie-item\">\n        <strong>Nombre:<\/strong> __stripe_mid\n    <\/div>\n    <div class=\"cookie-item\">\n        <strong>Proveedor:<\/strong> Stripe\n    <\/div>\n    <div class=\"cookie-item\">\n        <strong>Duraci\u00f3n:<\/strong> 1 a\u00f1o o hasta que el usuario la elimine (Persistente)\n    <\/div>\n    <div class=\"cookie-item\">\n        <strong>Tipolog\u00eda:<\/strong> Funcional\/T\u00e9cnica\n\n    <\/div>\n    <div class=\"cookie-item\">\n        <strong>Descripci\u00f3n:<\/strong> Cookie utilizada por Stripe para gestionar de manera segura el proceso de pago y las sesiones de los usuarios.\n    <\/div>\n<\/div>\n\n<div class=\"cookie-info\">\n    <div class=\"cookie-item\">\n        <strong>Nombre:<\/strong> __stripe_sid \n    <\/div>\n    <div class=\"cookie-item\">\n        <strong>Proveedor:<\/strong> Stripe\n    <\/div>\n    <div class=\"cookie-item\">\n        <strong>Duraci\u00f3n:<\/strong> 1 a\u00f1o o hasta que el usuario la elimine (Persistente) \n    <\/div>\n    <div class=\"cookie-item\">\n        <strong>Tipolog\u00eda:<\/strong> Funcional\/T\u00e9cnica\n\n    <\/div>\n    <div class=\"cookie-item\">\n        <strong>Descripci\u00f3n:<\/strong> Gestiona la sesi\u00f3n de usuario durante el proceso de pago con Stripe. Es temporal y se elimina al cerrar el navegador. \n    <\/div>\n<\/div>\n\n<div class=\"cookie-info\">\n    <div class=\"cookie-item\">\n        <strong>Nombre:<\/strong> _ga_8WSDKEJX0Y\n    <\/div>\n    <div class=\"cookie-item\">\n        <strong>Proveedor:<\/strong> Google (Google Analytics)\n    <\/div>\n    <div class=\"cookie-item\">\n        <strong>Duraci\u00f3n:<\/strong> 1 a\u00f1o o hasta que el usuario la elimine (Persistente)\n    <\/div>\n    <div class=\"cookie-item\">\n        <strong>Tipolog\u00eda:<\/strong> Anal\u00edtica\n\n    <\/div>\n    <div class=\"cookie-item\">\n        <strong>Descripci\u00f3n:<\/strong> Variante de _ga. Identifica usuarios y analiza el tr\u00e1fico web.\n    <\/div>\n<\/div>\n\n<div class=\"cookie-info\">\n    <div class=\"cookie-item\">\n        <strong>Nombre:<\/strong> _ga\n    <\/div>\n    <div class=\"cookie-item\">\n        <strong>Proveedor:<\/strong> Google (Google Analytics)\n    <\/div>\n    <div class=\"cookie-item\">\n        <strong>Duraci\u00f3n:<\/strong> 1 a\u00f1o o hasta que el usuario la elimine (Persistente)\n    <\/div>\n    <div class=\"cookie-item\">\n        <strong>Tipolog\u00eda:<\/strong> Anal\u00edtica\n\n    <\/div>\n    <div class=\"cookie-item\">\n        <strong>Descripci\u00f3n:<\/strong> Utilizada por Google Analytics para identificar de manera \u00fanica a los usuarios y realizar un seguimiento de sus interacciones en el sitio web. \n    <\/div>\n<\/div>\n\n<div class=\"cookie-info\">\n    <div class=\"cookie-item\">\n        <strong>Nombre:<\/strong> cmplz_banner-status\n    <\/div>\n    <div class=\"cookie-item\">\n        <strong>Proveedor:<\/strong> Complianz\n    <\/div>\n    <div class=\"cookie-item\">\n        <strong>Duraci\u00f3n:<\/strong> 1 a\u00f1o o hasta que el usuario la elimine (Persistente)\n    <\/div>\n    <div class=\"cookie-item\">\n        <strong>Tipolog\u00eda:<\/strong> Necesaria\n\n    <\/div>\n    <div class=\"cookie-item\">\n        <strong>Descripci\u00f3n:<\/strong> Se usa para recordar si el banner de cookies se ha mostrado o no, de forma que no se vuelva a mostrar en la misma sesi\u00f3n. \n    <\/div>\n<\/div>\n\n<div class=\"cookie-info\">\n    <div class=\"cookie-item\">\n        <strong>Nombre:<\/strong> cmplz_consented_services\n    <\/div>\n    <div class=\"cookie-item\">\n        <strong>Proveedor:<\/strong> Complianz\n    <\/div>\n    <div class=\"cookie-item\">\n        <strong>Duraci\u00f3n:<\/strong> 1 a\u00f1o o hasta que el usuario la elimine (Persistente)\n    <\/div>\n    <div class=\"cookie-item\">\n        <strong>Tipolog\u00eda:<\/strong> Necesaria\n\n    <\/div>\n    <div class=\"cookie-item\">\n        <strong>Descripci\u00f3n:<\/strong> Almacenar los servicios consentidos por el usuario sobre las cookies. \n    <\/div>\n<\/div>\n\n<div class=\"cookie-info\">\n    <div class=\"cookie-item\">\n        <strong>Nombre:<\/strong> cmplz_functional\n    <\/div>\n    <div class=\"cookie-item\">\n        <strong>Proveedor:<\/strong> Complianz\n    <\/div>\n    <div class=\"cookie-item\">\n        <strong>Duraci\u00f3n:<\/strong> 1 a\u00f1o o hasta que el usuario la elimine (Persistente)\n    <\/div>\n    <div class=\"cookie-item\">\n        <strong>Tipolog\u00eda:<\/strong> Funcional\/T\u00e9cnica\n\n    <\/div>\n    <div class=\"cookie-item\">\n        <strong>Descripci\u00f3n:<\/strong> Asegurar el funcionamiento adecuado de las funcionalidades del sitio web. \n    <\/div>\n<\/div>\n\n<div class=\"cookie-info\">\n    <div class=\"cookie-item\">\n        <strong>Nombre:<\/strong> cmplz_marketing\n    <\/div>\n    <div class=\"cookie-item\">\n        <strong>Proveedor:<\/strong> Complianz\n    <\/div>\n    <div class=\"cookie-item\">\n        <strong>Duraci\u00f3n:<\/strong> 1 a\u00f1o o hasta que el usuario la elimine (Persistente)\n    <\/div>\n    <div class=\"cookie-item\">\n        <strong>Tipolog\u00eda:<\/strong> Publicitaria \n\n    <\/div>\n    <div class=\"cookie-item\">\n        <strong>Descripci\u00f3n:<\/strong> Recopilar datos de cookies de marketing. \n    <\/div>\n<\/div>\n\n<div class=\"cookie-info\">\n    <div class=\"cookie-item\">\n        <strong>Nombre:<\/strong> cmplz_policy_id\n    <\/div>\n    <div class=\"cookie-item\">\n        <strong>Proveedor:<\/strong> Complianz\n    <\/div>\n    <div class=\"cookie-item\">\n        <strong>Duraci\u00f3n:<\/strong> 1 a\u00f1o o hasta que el usuario la elimine (Persistente)\n    <\/div>\n    <div class=\"cookie-item\">\n        <strong>Tipolog\u00eda:<\/strong> Necesaria\n\n    <\/div>\n    <div class=\"cookie-item\">\n        <strong>Descripci\u00f3n:<\/strong> Almacenar el identificador de la pol\u00edtica de cookies que el usuario ha aceptado. \n    <\/div>\n<\/div>\n\n<div class=\"cookie-info\">\n    <div class=\"cookie-item\">\n        <strong>Nombre:<\/strong> cmplz_preferences\n    <\/div>\n    <div class=\"cookie-item\">\n        <strong>Proveedor:<\/strong> Complianz\n    <\/div>\n    <div class=\"cookie-item\">\n        <strong>Duraci\u00f3n:<\/strong> 1 a\u00f1o o hasta que el usuario la elimine (Persistente)\n    <\/div>\n    <div class=\"cookie-item\">\n        <strong>Tipolog\u00eda:<\/strong> Necesaria\n\n    <\/div>\n    <div class=\"cookie-item\">\n        <strong>Descripci\u00f3n:<\/strong> Utilizada para recordar las preferencias del usuario en cuanto a la configuraci\u00f3n de cookies. \n    <\/div>\n<\/div>\n\n<div class=\"cookie-info\">\n    <div class=\"cookie-item\">\n        <strong>Nombre:<\/strong> cmplz_statistics\n    <\/div>\n    <div class=\"cookie-item\">\n        <strong>Proveedor:<\/strong> Complianz\n    <\/div>\n    <div class=\"cookie-item\">\n        <strong>Duraci\u00f3n:<\/strong> 1 a\u00f1o o hasta que el usuario la elimine (Persistente)\n    <\/div>\n    <div class=\"cookie-item\">\n        <strong>Tipolog\u00eda:<\/strong> Anal\u00edtica\n\n    <\/div>\n    <div class=\"cookie-item\">\n        <strong>Descripci\u00f3n:<\/strong> Realizar un seguimiento del comportamiento de los usuarios en el sitio web con fines estad\u00edsticos mediante el uso de cookies de an\u00e1lisis. \n    <\/div>\n<\/div>\n\n<div class=\"cookie-info\">\n    <div class=\"cookie-item\">\n        <strong>Nombre:<\/strong> usuario_unico\n    <\/div>\n    <div class=\"cookie-item\">\n        <strong>Proveedor:<\/strong> Sitio\/WordPress  \n    <\/div>\n    <div class=\"cookie-item\">\n        <strong>Duraci\u00f3n:<\/strong> 1 a\u00f1o o hasta que el usuario la elimine (Persistente) \n    <\/div>\n    <div class=\"cookie-item\">\n        <strong>Tipolog\u00eda:<\/strong> Funcional\/T\u00e9cnica \n\n    <\/div>\n    <div class=\"cookie-item\">\n        <strong>Descripci\u00f3n:<\/strong> Identificador \u00fanico para el usuario. \n    <\/div>\n<\/div>\n\n<div class=\"cookie-info\">\n    <div class=\"cookie-item\">\n        <strong>Nombre:<\/strong> wp-wpml_current_language\n    <\/div>\n    <div class=\"cookie-item\">\n        <strong>Proveedor:<\/strong> WPML\n    <\/div>\n    <div class=\"cookie-item\">\n        <strong>Duraci\u00f3n:<\/strong> Sesi\u00f3n \n    <\/div>\n    <div class=\"cookie-item\">\n        <strong>Tipolog\u00eda:<\/strong> Funcional\/T\u00e9cnica \n\n    <\/div>\n    <div class=\"cookie-item\">\n        <strong>Descripci\u00f3n:<\/strong> Guarda el idioma actual del usuario en el sitio web. \n    <\/div>\n<\/div>\n<br>\n<h2 style=\"text-align: left;\">\u00bfC\u00f3mo puede configurar sus Cookies?<\/h2>\n<p style=\"text-align: left;\">Al navegar y continuar en nuestro sitio web estar\u00e1 consintiendo el uso de las Cookies en las condiciones contenidas en la presente Pol\u00edtica de Cookies. Usted como usuario tiene la posibilidad de ejercer su derecho a bloquear, eliminar y rechazar el uso de Cookies, en todo momento.<\/p>\n<p style=\"text-align: left;\">Para gestionar las cookies en Patioko Benta, el usuario dispondr\u00e1 de un banner en la parte inferior derecha del sitio web. Desde ah\u00ed, podr\u00e1 modificar su decisi\u00f3n o rechazar el uso de cookies en cualquier momento. Tambi\u00e9n es posible eliminarlas directamente desde la configuraci\u00f3n del navegador.<\/p>\n<p style=\"text-align: left;\">Los principales navegadores ofrecen opciones para bloquear o eliminar cookies, aunque el procedimiento var\u00eda seg\u00fan el navegador. Recomendamos consultar las instrucciones oficiales del fabricante. A continuaci\u00f3n, se incluyen enlaces a las gu\u00edas de los navegadores m\u00e1s utilizados:<\/p>\n<li> <a href=\"https:\/\/www.mozilla.org\/es-ES\/firefox\/new\/\" target=\"_blank\">Firefox.<\/a> <\/li>\n<li> <a href=\"https:\/\/www.google.com\/intl\/es_es\/chrome\/?brand=JJTC&#038;ds_kid=43700074350309478&#038;gad_source=1&#038;gclid=CjwKCAiA5pq-BhBuEiwAvkzVZfNbJdcUg6QyNn9AIr8SICyTQFhWGwAfcIdIVElsPG5-nUqKYNCb8RoClcMQAvD_BwE&#038;gclsrc=aw.ds\" target=\"_blank\">Chrome.<\/a>  <\/li>\n<li> <a href=\"https:\/\/safari.softonic.com\/\" target=\"_blank\">Safari.<\/a>  <\/li>\n<li> <a href=\"https:\/\/support.microsoft.com\/es-es\/windows\/descargas-de-internet-explorer-d49e1f0d-571c-9a7b-d97e-be248806ca70\" target=\"_blank\">Internet Explorer.<\/a> <\/li>\n<li> <a href=\"https:\/\/www.microsoft.com\/es-es\/edge\/download?form=MA13FJ\" target=\"_blank\">Microsoft Edge.<\/a>  <\/li>\n\n<\/ul>\n<br>\n<p style=\"text-align: left;\">Si usa otro navegador distinto a los anteriores, consulte su pol\u00edtica de instalaci\u00f3n, uso y bloqueo de cookies.<\/p>\n<p style=\"text-align: left;\">Si no desea ser rastreado por las cookies de Google Analytics puede instalar en su navegador el complemento que la propia empresa Google ha desarrollado con tal finalidad.<\/p>\n<p style=\"text-align: left;\">En el caso de dispositivos m\u00f3viles, es habitual que el navegador disponga de estas opciones en el apartado de Ajustes.<\/p>\n<p style=\"text-align: left;\">No obstante, debe tenerse en cuenta que la configuraci\u00f3n del navegador para rechazar las cookies no permitir\u00e1 mantener las preferencias del usuario y algunas p\u00e1ginas pueden no estar disponibles.<\/p>\n<br>\n<h2 style=\"text-align: left;\">\u00bfQu\u00e9 ocurre si se deshabilitan las Cookies?<\/h2>\n<p style=\"text-align: left;\">Algunas funcionalidades de los Servicios y \u00e1reas de este sitio web podr\u00edan no funcionar correctamente si se deshabilitan las cookies.<\/p>\n<br>\n<h2 style=\"text-align: left;\">\u00bfActualizamos nuestra Pol\u00edtica de Cookies?<\/h2>\n<p style=\"text-align: left;\">Es posible que actualicemos la Pol\u00edtica de Cookies de nuestra p\u00e1gina web, por ello le recomendamos revisar esta pol\u00edtica cada vez que acceda a nuestro sitio web con el objetivo de estar adecuadamente informado sobre c\u00f3mo y para qu\u00e9 usamos las cookies.<\/p>\n<\/div>\n<br><br><br>\n\n\n<!-- Estilos CSS -->\n<style>\n    \/* Estilos generales para las cajas *\/\n    .cookie-info {\n        background-color: #f4f4f4;\n        padding: 15px;\n        margin-bottom: 15px;\n        border-radius: 8px;\n        border: 1px solid #ddd;\n    }\n\n    .cookie-item {\n        padding: 8px 0;\n        font-size: 14px;\n        border-bottom: 1px solid #ddd;\n    }\n\n    .cookie-item:last-child {\n        border-bottom: none; \/* Eliminar borde en el \u00faltimo item *\/\n    }\n\n    .cookie-item strong {\n        font-weight: bold;\n        color: #2CA58D;\n    }\n\n    \/* Estilos responsivos *\/\n    @media (max-width: 768px) {\n        .cookie-info {\n            padding: 10px;\n        }\n\n        .cookie-item {\n            font-size: 12px; \/* Reducir tama\u00f1o de texto en m\u00f3viles *\/\n        }\n\n        .cookie-item strong {\n            display: inline-block;\n            width: 120px;\n            font-weight: bold;\n            color: #2CA58D;\n        }\n    }\n\n    \/* Estilos para escritorio *\/\n    @media (min-width: 769px) {\n        .cookie-info {\n            display: flex;\n            flex-wrap: wrap;\n            justify-content: space-between;\n            gap: 10px;\n        }\n\n        .cookie-item {\n            width: 48%; \/* Para que ocupen dos columnas *\/\n            font-size: 16px; \/* Aumentamos el tama\u00f1o del texto en escritorio *\/\n        }\n\n        .cookie-item strong {\n            width: 100px;\n            font-weight: bold;\n            color: #2CA58D;\n        }\n    }\n<\/style>","protected":false},"excerpt":{"rendered":"<p>Pol\u00edtica de Cookies En cumplimiento de la Ley 34\/2002, de 11 de julio, de Servicios de la Sociedad de la Informaci\u00f3n y Comercio Electr\u00f3nico le informamos de que este sitio web, al igual que la mayor\u00eda de los sitios en Internet, usa Cookies para mejorar y optimizar la experiencia del usuario. A continuaci\u00f3n encontrar\u00e1 informaci\u00f3n [&hellip;]<\/p>\n","protected":false},"author":1,"featured_media":0,"parent":0,"menu_order":0,"comment_status":"closed","ping_status":"closed","template":"","meta":{"_acf_changed":false,"footnotes":""},"class_list":["post-726","page","type-page","status-publish","hentry"],"acf":[],"_links":{"self":[{"href":"https:\/\/market.patiokobenta.eus\/es\/wp-json\/wp\/v2\/pages\/726","targetHints":{"allow":["GET"]}}],"collection":[{"href":"https:\/\/market.patiokobenta.eus\/es\/wp-json\/wp\/v2\/pages"}],"about":[{"href":"https:\/\/market.patiokobenta.eus\/es\/wp-json\/wp\/v2\/types\/page"}],"author":[{"embeddable":true,"href":"https:\/\/market.patiokobenta.eus\/es\/wp-json\/wp\/v2\/users\/1"}],"replies":[{"embeddable":true,"href":"https:\/\/market.patiokobenta.eus\/es\/wp-json\/wp\/v2\/comments?post=726"}],"version-history":[{"count":14,"href":"https:\/\/market.patiokobenta.eus\/es\/wp-json\/wp\/v2\/pages\/726\/revisions"}],"predecessor-version":[{"id":977,"href":"https:\/\/market.patiokobenta.eus\/es\/wp-json\/wp\/v2\/pages\/726\/revisions\/977"}],"wp:attachment":[{"href":"https:\/\/market.patiokobenta.eus\/es\/wp-json\/wp\/v2\/media?parent=726"}],"curies":[{"name":"wp","href":"https:\/\/api.w.org\/{rel}","templated":true}]}}